{"id":2947,"date":"2020-03-12T16:55:12","date_gmt":"2020-03-12T16:55:12","guid":{"rendered":"https:\/\/www.mhk-consulting.de\/?page_id=2947"},"modified":"2022-02-06T17:44:51","modified_gmt":"2022-02-06T17:44:51","slug":"impressum","status":"publish","type":"page","link":"https:\/\/www.mhk-consulting.de\/fr\/impressum","title":{"rendered":"Impression"},"content":{"rendered":"<div class=\"wpb-content-wrapper\"><div class=\"vc_row wpb_row vc_row-fluid inner_container desktop-visible cneo-head vc_custom_1644168012884 vc_row-has-fill vc_rtl-columns-reverse vc_row-o-content-middle vc_row-flex\"><div class=\"wpb_column vc_column_container vc_col-sm-3\/5\"><div class=\"vc_column-inner vc_custom_1581831845353\"><div class=\"wpb_wrapper\">\n\t<div class=\"wpb_text_column wpb_content_element\" >\n\t\t<div class=\"wpb_wrapper\">\n\t\t\t\n\t\t<\/div>\n\t<\/div>\n<\/div><\/div><\/div><\/div><div class=\"vc_row wpb_row vc_row-fluid mobile-invisible cneo-head\"><div class=\"wpb_column vc_column_container vc_col-sm-12\"><div class=\"vc_column-inner\"><div class=\"wpb_wrapper\">\n\t<div  class=\"wpb_single_image wpb_content_element vc_align_left wpb_content_element\">\n\t\t\n\t\t<figure class=\"wpb_wrapper vc_figure\">\n\t\t\t<div class=\"vc_single_image-wrapper   vc_box_border_grey\"><img loading=\"lazy\" decoding=\"async\" width=\"800\" height=\"600\" src=\"https:\/\/www.mhk-consulting.de\/wp-content\/uploads\/training_800_600.jpg\" class=\"vc_single_image-img attachment-full\" alt=\"\" title=\"Un tr\u00e8s bon s\u00e9minaire. Groupe de jeunes assis \u00e0 la conf\u00e9rence\" srcset=\"https:\/\/www.mhk-consulting.de\/wp-content\/uploads\/training_800_600.jpg 800w, https:\/\/www.mhk-consulting.de\/wp-content\/uploads\/training_800_600-300x225.jpg 300w, https:\/\/www.mhk-consulting.de\/wp-content\/uploads\/training_800_600-768x576.jpg 768w, https:\/\/www.mhk-consulting.de\/wp-content\/uploads\/training_800_600-16x12.jpg 16w, https:\/\/www.mhk-consulting.de\/wp-content\/uploads\/training_800_600-100x75.jpg 100w\" sizes=\"auto, (max-width: 800px) 100vw, 800px\" \/><\/div>\n\t\t<\/figure>\n\t<\/div>\n<\/div><\/div><\/div><\/div><div class=\"vc_row wpb_row vc_row-fluid inner_container_fixed vc_custom_1584032465510 vc_row-has-fill\"><div class=\"wpb_column vc_column_container vc_col-sm-12\"><div class=\"vc_column-inner\"><div class=\"wpb_wrapper\">\n\t<div class=\"wpb_text_column wpb_content_element\" >\n\t\t<div class=\"wpb_wrapper\">\n\t\t\t<h1 style=\"text-align: center;\">IMPRINT<\/h1>\n<h2>Informations selon le \u00a7 5 TMG<\/h2>\n<p>Dr. Malte Ka\u00dfner<br \/>\nRue d'Aur\u00e9lien 31<br \/>\n53225 Bonn<\/p>\n<h2>Contact<\/h2>\n<p>Fon mobile +49(0)163. 55 30 957<br \/>\nCourrier \u00e9lectronique : info@mhk-consulting.de<\/p>\n<h2>R\u00e8glement des litiges de consommation\/organisme de conciliation universel<\/h2>\n<p>Nous ne sommes pas pr\u00eats ou oblig\u00e9s de participer \u00e0 des proc\u00e9dures de r\u00e8glement des litiges devant un organisme de conciliation des consommateurs.<\/p>\n<h2>Cr\u00e9dits photographiques :<\/h2>\n<p>Images propres et Fotolia\/Adobe Stock Image : AdobeStock_439861129.jpeg, AdobeStock_138079185.jpeg, AdobeStock_135245078.jpeg, AdobeStock_89728894.jpeg, AdobeStock_32455764.jpeg, AdobeStock_243843732.jpeg, AdobeStock_77939900.jpeg, AdobeStock_219378191.jpeg, AdobeStock_92118322, AdobeStock_92618371<\/p>\n<h2>Responsabilit\u00e9 du contenu<\/h2>\n<p>En tant que prestataire de services, nous sommes responsables, conform\u00e9ment au \u00a7 7 alin\u00e9a 1 de la loi allemande sur les t\u00e9l\u00e9m\u00e9dias (TMG), de nos propres contenus sur ces pages selon les lois g\u00e9n\u00e9rales. Selon les \u00a7\u00a7 8 \u00e0 10 de la TMG, nous ne sommes toutefois pas tenus, en tant que prestataire de services, de surveiller les informations externes transmises ou enregistr\u00e9es ou de rechercher les circonstances qui indiquent une activit\u00e9 ill\u00e9gale.<\/p>\n<p>Les obligations de supprimer ou de bloquer l'utilisation d'informations conform\u00e9ment aux lois g\u00e9n\u00e9rales restent inchang\u00e9es. Une responsabilit\u00e9 \u00e0 cet \u00e9gard n'est toutefois possible qu'\u00e0 partir du moment o\u00f9 une violation concr\u00e8te de la loi est connue. D\u00e8s la prise de connaissance d'une telle violation de la loi, nous supprimerons imm\u00e9diatement ces contenus.<\/p>\n<h2>Responsabilit\u00e9 pour les liens<\/h2>\n<p>Notre offre contient des liens vers des sites web externes de tiers, sur le contenu desquels nous n'avons aucune influence. C'est pourquoi nous ne pouvons pas non plus nous porter garants de ces contenus externes. Le fournisseur ou l'exploitant des pages li\u00e9es est toujours responsable des contenus de ces pages. Les pages li\u00e9es ont \u00e9t\u00e9 contr\u00f4l\u00e9es au moment de la cr\u00e9ation du lien afin de v\u00e9rifier qu'elles ne pr\u00e9sentaient pas d'infraction \u00e0 la loi. Aucun contenu ill\u00e9gal n'a \u00e9t\u00e9 identifi\u00e9 au moment de la cr\u00e9ation des liens.<\/p>\n<p>Un contr\u00f4le permanent du contenu des pages li\u00e9es n'est toutefois pas exigible sans indices concrets d'une violation de la loi. D\u00e8s que nous aurons connaissance d'une violation de la loi, nous supprimerons imm\u00e9diatement les liens concern\u00e9s.<\/p>\n<h2>Droit d'auteur<\/h2>\n<p>Les contenus et les \u0153uvres cr\u00e9\u00e9s par les exploitants de ces pages sont soumis au droit d'auteur allemand. La reproduction, le traitement, la diffusion et toute forme d'exploitation en dehors des limites du droit d'auteur requi\u00e8rent l'accord \u00e9crit de l'auteur ou du cr\u00e9ateur concern\u00e9. Les t\u00e9l\u00e9chargements et les copies de ce site ne sont autoris\u00e9s que pour un usage priv\u00e9 et non commercial.<\/p>\n<p>Dans la mesure o\u00f9 les contenus de ce site n'ont pas \u00e9t\u00e9 cr\u00e9\u00e9s par l'exploitant, les droits d'auteur de tiers sont respect\u00e9s. Les contenus de tiers sont notamment identifi\u00e9s comme tels. Si vous deviez n\u00e9anmoins constater une violation des droits d'auteur, nous vous prions de nous en informer. D\u00e8s la prise de connaissance d'une violation de la loi, nous supprimerons imm\u00e9diatement les contenus concern\u00e9s.<\/p>\n<p>Source :\u00a0<a href=\"https:\/\/www.e-recht24.de\/impressum-generator.html\">https:\/\/www.e-recht24.de\/impressum-generator.html<\/a><\/p>\n\n\t\t<\/div>\n\t<\/div>\n<\/div><\/div><\/div><\/div>\n<\/div>","protected":false},"excerpt":{"rendered":"IMPRESSUM Informations selon le \u00a7 5 de la loi allemande sur les m\u00e9dias \u00e9lectroniques (TMG) Dr. Malte Ka\u00dfner Aurelianastra\u00dfe 31 53225 Bonn Contact Fon mobile +49(0)163. 55 30 957 E-mail : info@mhk-consulting.de R\u00e8glement des litiges de consommation\/organisme universel de conciliation Nous ne sommes pas pr\u00eats ou oblig\u00e9s de participer \u00e0 des proc\u00e9dures de r\u00e8glement des litiges devant un organisme de conciliation des consommateurs. Cr\u00e9dits photographiques : Images propres ainsi que Fotolia\/Adobe Stock Image : AdobeStock_439861129.jpeg, AdobeStock_138079185.jpeg, AdobeStock_135245078.jpeg, AdobeStock_89728894.jpeg, AdobeStock_32455764.jpeg, AdobeStock_243843732.jpeg, AdobeStock_77939900.jpeg, AdobeStock_219378191.jpeg, AdobeStock_92118322, AdobeStock_92618371 Responsabilit\u00e9 pour le contenu En tant que fournisseur de services, nous sommes tenus, conform\u00e9ment ... <a href=\"https:\/\/www.mhk-consulting.de\/fr\/impressum\" class=\"more-link\">Lire la suite<\/a>","protected":false},"author":1,"featured_media":4558,"parent":0,"menu_order":0,"comment_status":"closed","ping_status":"closed","template":"template-blank-4.php","meta":{"footnotes":""},"class_list":["post-2947","page","type-page","status-publish","has-post-thumbnail","hentry"],"yoast_head":"<!-- This site is optimized with the Yoast SEO plugin v27.0 - https:\/\/yoast.com\/product\/yoast-seo-wordpress\/ -->\n<title>Impressum - MHK consulting<\/title>\n<meta name=\"description\" content=\"Ihr Ansprechpartner f\u00fcr Training, Consulting und Coaching in den Bereichen Kommunikation, Rhetorik, Organisation, Strategie in Bonn und K\u00f6ln\" \/>\n<meta name=\"robots\" content=\"index, follow, max-snippet:-1, max-image-preview:large, max-video-preview:-1\" \/>\n<link rel=\"canonical\" href=\"https:\/\/www.mhk-consulting.de\/fr\/impressum\/\" \/>\n<meta property=\"og:locale\" content=\"fr_FR\" \/>\n<meta property=\"og:type\" content=\"article\" \/>\n<meta property=\"og:title\" content=\"Impressum - MHK consulting\" \/>\n<meta property=\"og:description\" content=\"Ihr Ansprechpartner f\u00fcr Training, Consulting und Coaching in den Bereichen Kommunikation, Rhetorik, Organisation, Strategie in Bonn und K\u00f6ln\" \/>\n<meta property=\"og:url\" content=\"https:\/\/www.mhk-consulting.de\/fr\/impressum\/\" \/>\n<meta property=\"og:site_name\" content=\"MHK Consulting\" \/>\n<meta property=\"article:modified_time\" content=\"2022-02-06T17:44:51+00:00\" \/>\n<meta property=\"og:image\" content=\"https:\/\/www.mhk-consulting.de\/wp-content\/uploads\/training_800_600.jpg\" \/>\n\t<meta property=\"og:image:width\" content=\"800\" \/>\n\t<meta property=\"og:image:height\" content=\"600\" \/>\n\t<meta property=\"og:image:type\" content=\"image\/jpeg\" \/>\n<meta name=\"twitter:card\" content=\"summary_large_image\" \/>\n<meta name=\"twitter:label1\" content=\"Dur\u00e9e de lecture estim\u00e9e\" \/>\n\t<meta name=\"twitter:data1\" content=\"3 minutes\" \/>\n<script type=\"application\/ld+json\" class=\"yoast-schema-graph\">{\"@context\":\"https:\/\/schema.org\",\"@graph\":[{\"@type\":\"WebPage\",\"@id\":\"https:\/\/www.mhk-consulting.de\/impressum\",\"url\":\"https:\/\/www.mhk-consulting.de\/impressum\",\"name\":\"Impressum - MHK consulting\",\"isPartOf\":{\"@id\":\"https:\/\/www.mhk-consulting.de\/#website\"},\"primaryImageOfPage\":{\"@id\":\"https:\/\/www.mhk-consulting.de\/impressum#primaryimage\"},\"image\":{\"@id\":\"https:\/\/www.mhk-consulting.de\/impressum#primaryimage\"},\"thumbnailUrl\":\"https:\/\/www.mhk-consulting.de\/wp-content\/uploads\/training_800_600.jpg\",\"datePublished\":\"2020-03-12T16:55:12+00:00\",\"dateModified\":\"2022-02-06T17:44:51+00:00\",\"description\":\"Ihr Ansprechpartner f\u00fcr Training, Consulting und Coaching in den Bereichen Kommunikation, Rhetorik, Organisation, Strategie in Bonn und K\u00f6ln\",\"inLanguage\":\"fr-FR\",\"potentialAction\":[{\"@type\":\"ReadAction\",\"target\":[\"https:\/\/www.mhk-consulting.de\/impressum\"]}]},{\"@type\":\"ImageObject\",\"inLanguage\":\"fr-FR\",\"@id\":\"https:\/\/www.mhk-consulting.de\/impressum#primaryimage\",\"url\":\"https:\/\/www.mhk-consulting.de\/wp-content\/uploads\/training_800_600.jpg\",\"contentUrl\":\"https:\/\/www.mhk-consulting.de\/wp-content\/uploads\/training_800_600.jpg\",\"width\":800,\"height\":600,\"caption\":\"Really good seminar. Group of young people sitting on conference together and smiling\"},{\"@type\":\"WebSite\",\"@id\":\"https:\/\/www.mhk-consulting.de\/#website\",\"url\":\"https:\/\/www.mhk-consulting.de\/\",\"name\":\"MHK Consulting\",\"description\":\"MHK Consulting\",\"potentialAction\":[{\"@type\":\"SearchAction\",\"target\":{\"@type\":\"EntryPoint\",\"urlTemplate\":\"https:\/\/www.mhk-consulting.de\/?s={search_term_string}\"},\"query-input\":{\"@type\":\"PropertyValueSpecification\",\"valueRequired\":true,\"valueName\":\"search_term_string\"}}],\"inLanguage\":\"fr-FR\"}]}<\/script>\n<!-- \/ Yoast SEO plugin. -->","yoast_head_json":{"title":"Mentions l\u00e9gales - MHK consulting","description":"Votre interlocuteur pour la formation, le conseil et le coaching dans les domaines de la communication, de la rh\u00e9torique, de l'organisation et de la strat\u00e9gie \u00e0 Bonn et Cologne.","robots":{"index":"index","follow":"follow","max-snippet":"max-snippet:-1","max-image-preview":"max-image-preview:large","max-video-preview":"max-video-preview:-1"},"canonical":"https:\/\/www.mhk-consulting.de\/fr\/impressum\/","og_locale":"fr_FR","og_type":"article","og_title":"Impressum - MHK consulting","og_description":"Ihr Ansprechpartner f\u00fcr Training, Consulting und Coaching in den Bereichen Kommunikation, Rhetorik, Organisation, Strategie in Bonn und K\u00f6ln","og_url":"https:\/\/www.mhk-consulting.de\/fr\/impressum\/","og_site_name":"MHK Consulting","article_modified_time":"2022-02-06T17:44:51+00:00","og_image":[{"width":800,"height":600,"url":"https:\/\/www.mhk-consulting.de\/wp-content\/uploads\/training_800_600.jpg","type":"image\/jpeg"}],"twitter_card":"summary_large_image","twitter_misc":{"Dur\u00e9e de lecture estim\u00e9e":"3 minutes"},"schema":{"@context":"https:\/\/schema.org","@graph":[{"@type":"WebPage","@id":"https:\/\/www.mhk-consulting.de\/impressum","url":"https:\/\/www.mhk-consulting.de\/impressum","name":"Mentions l\u00e9gales - MHK consulting","isPartOf":{"@id":"https:\/\/www.mhk-consulting.de\/#website"},"primaryImageOfPage":{"@id":"https:\/\/www.mhk-consulting.de\/impressum#primaryimage"},"image":{"@id":"https:\/\/www.mhk-consulting.de\/impressum#primaryimage"},"thumbnailUrl":"https:\/\/www.mhk-consulting.de\/wp-content\/uploads\/training_800_600.jpg","datePublished":"2020-03-12T16:55:12+00:00","dateModified":"2022-02-06T17:44:51+00:00","description":"Votre interlocuteur pour la formation, le conseil et le coaching dans les domaines de la communication, de la rh\u00e9torique, de l'organisation et de la strat\u00e9gie \u00e0 Bonn et Cologne.","inLanguage":"fr-FR","potentialAction":[{"@type":"ReadAction","target":["https:\/\/www.mhk-consulting.de\/impressum"]}]},{"@type":"ImageObject","inLanguage":"fr-FR","@id":"https:\/\/www.mhk-consulting.de\/impressum#primaryimage","url":"https:\/\/www.mhk-consulting.de\/wp-content\/uploads\/training_800_600.jpg","contentUrl":"https:\/\/www.mhk-consulting.de\/wp-content\/uploads\/training_800_600.jpg","width":800,"height":600,"caption":"Really good seminar. Group of young people sitting on conference together and smiling"},{"@type":"WebSite","@id":"https:\/\/www.mhk-consulting.de\/#website","url":"https:\/\/www.mhk-consulting.de\/","name":"MHK Consulting","description":"MHK Consulting","potentialAction":[{"@type":"SearchAction","target":{"@type":"EntryPoint","urlTemplate":"https:\/\/www.mhk-consulting.de\/?s={search_term_string}"},"query-input":{"@type":"PropertyValueSpecification","valueRequired":true,"valueName":"search_term_string"}}],"inLanguage":"fr-FR"}]}},"_links":{"self":[{"href":"https:\/\/www.mhk-consulting.de\/fr\/wp-json\/wp\/v2\/pages\/2947","targetHints":{"allow":["GET"]}}],"collection":[{"href":"https:\/\/www.mhk-consulting.de\/fr\/wp-json\/wp\/v2\/pages"}],"about":[{"href":"https:\/\/www.mhk-consulting.de\/fr\/wp-json\/wp\/v2\/types\/page"}],"author":[{"embeddable":true,"href":"https:\/\/www.mhk-consulting.de\/fr\/wp-json\/wp\/v2\/users\/1"}],"replies":[{"embeddable":true,"href":"https:\/\/www.mhk-consulting.de\/fr\/wp-json\/wp\/v2\/comments?post=2947"}],"version-history":[{"count":0,"href":"https:\/\/www.mhk-consulting.de\/fr\/wp-json\/wp\/v2\/pages\/2947\/revisions"}],"wp:featuredmedia":[{"embeddable":true,"href":"https:\/\/www.mhk-consulting.de\/fr\/wp-json\/wp\/v2\/media\/4558"}],"wp:attachment":[{"href":"https:\/\/www.mhk-consulting.de\/fr\/wp-json\/wp\/v2\/media?parent=2947"}],"curies":[{"name":"wp","href":"https:\/\/api.w.org\/{rel}","templated":true}]}}